{"id":1667,"date":"2024-09-30T14:41:24","date_gmt":"2024-09-30T14:41:24","guid":{"rendered":"http:\/\/platypus.hr\/?page_id=1667"},"modified":"2025-03-18T23:12:02","modified_gmt":"2025-03-18T23:12:02","slug":"esssvizdz","status":"publish","type":"page","link":"https:\/\/platypus.hr\/index.php\/esssvizdz\/","title":{"rendered":"Svi zaslu\u017euju dostojanstven \u017eivot"},"content":{"rendered":"\n[et_pb_section fb_built=&#8221;1&#8243; fullwidth=&#8221;on&#8221; _builder_version=&#8221;4.16&#8243; background_color=&#8221;#edf000&#8243; background_image=&#8221;https:\/\/platypus.hr\/wp-content\/uploads\/2019\/12\/shade.png&#8221; global_colors_info=&#8221;{}&#8221;][et_pb_fullwidth_menu menu_id=&#8221;13&#8243; active_link_color=&#8221;#ffffff&#8221; logo=&#8221;https:\/\/platypus.hr\/wp-content\/uploads\/2020\/01\/logach-6.png&#8221; cart_icon_color=&#8221;#ffffff&#8221; _builder_version=&#8221;4.16&#8243; menu_font=&#8221;Baloo Da||||||||&#8221; menu_text_color=&#8221;#ffffff&#8221; menu_font_size=&#8221;15px&#8221; background_image=&#8221;https:\/\/platypus.hr\/wp-content\/uploads\/2019\/12\/shade.png&#8221; custom_css_main_element=&#8221;position: fixed;||top: 1px;||right: 0;||left: 0;||z-index: 99;&#8221; menu_text_shadow_style=&#8221;preset5&#8243; menu_text_shadow_color=&#8221;#000000&#8243; global_colors_info=&#8221;{}&#8221;][\/et_pb_fullwidth_menu][\/et_pb_section][et_pb_section fb_built=&#8221;1&#8243; custom_padding_last_edited=&#8221;off|desktop&#8221; admin_label=&#8221;Hero&#8221; _builder_version=&#8221;4.16&#8243; background_color=&#8221;#e09900&#8243; use_background_color_gradient=&#8221;on&#8221; background_color_gradient_stops=&#8221;#ffffff 0%|#e7edf9 100%&#8221; background_color_gradient_start=&#8221;#ffffff&#8221; background_color_gradient_end=&#8221;#e7edf9&#8243; custom_margin=&#8221;|||&#8221; custom_padding=&#8221;100px||100px|&#8221; custom_padding_tablet=&#8221;130px||130px|&#8221; global_colors_info=&#8221;{}&#8221;][et_pb_row _builder_version=&#8221;4.16&#8243; background_size=&#8221;initial&#8221; background_position=&#8221;top_left&#8221; background_repeat=&#8221;repeat&#8221; custom_margin=&#8221;|||&#8221; global_colors_info=&#8221;{}&#8221;][et_pb_column type=&#8221;4_4&#8243; _builder_version=&#8221;4.16&#8243; custom_padding=&#8221;|||&#8221; global_colors_info=&#8221;{}&#8221; custom_padding__hover=&#8221;|||&#8221;][et_pb_text _builder_version=&#8221;4.16&#8243; text_font=&#8221;||||||||&#8221; header_font=&#8221;Merriweather|700|||||||&#8221; header_font_size=&#8221;46px&#8221; header_line_height=&#8221;1.3em&#8221; text_orientation=&#8221;center&#8221; max_width=&#8221;700px&#8221; module_alignment=&#8221;center&#8221; custom_margin=&#8221;||0px|&#8221; animation_style=&#8221;flip&#8221; animation_direction=&#8221;top&#8221; inline_fonts=&#8221;Baloo Da&#8221; global_colors_info=&#8221;{}&#8221;]<h1><span style=\"font-family: Baloo Da;\"><strong>Svi zaslu\u017euju dostojanstven \u017eivot<\/strong><\/span><\/h1>[\/et_pb_text][et_pb_divider color=&#8221;#4646c4&#8243; divider_position=&#8221;center&#8221; divider_weight=&#8221;2px&#8221; _builder_version=&#8221;4.16&#8243; max_width=&#8221;90px&#8221; max_width_tablet=&#8221;12%&#8221; max_width_last_edited=&#8221;off|desktop&#8221; module_alignment=&#8221;center&#8221; custom_margin=&#8221;|||&#8221; animation_style=&#8221;flip&#8221; animation_delay=&#8221;50ms&#8221; global_colors_info=&#8221;{}&#8221;][\/et_pb_divider][et_pb_text _builder_version=&#8221;4.16&#8243; text_font=&#8221;||||||||&#8221; text_font_size=&#8221;20px&#8221; text_line_height=&#8221;1.8em&#8221; text_orientation=&#8221;center&#8221; max_width=&#8221;700px&#8221; module_alignment=&#8221;center&#8221; custom_margin=&#8221;25px|||&#8221; animation_style=&#8221;flip&#8221; animation_direction=&#8221;top&#8221; animation_delay=&#8221;100ms&#8221; inline_fonts=&#8221;Gurajada&#8221; global_colors_info=&#8221;{}&#8221;]<p>Udruga Platypus u suradnji sa \u0160kolom za medicinske sestre Vinogradska provela je projekt Europskih snaga solidarnosti naziva \u201cSvi zaslu\u017euju dostojanstven \u017eivot\u201d. Projekt je uskla\u0111en s op\u0107im i posebnim ciljem programa a to je podupiranje uklju\u010divanja mladih u rje\u0161avanje problema u zajednici.<\/p>\n<p>Ovaj projekt su osmislili mladi sudionici jer su nezadovoljni stanjem u dru\u0161tvu \u2013 od zakonskog okvira pa do prakse u njihovoj profesiji. Ovaj projekt \u0107e osvjestiti jednu generaciju budu\u0107ih medicinskih djelatnika u Zagrebu (jedna od glavnih ciljanih skupina su nam u\u010denici medicinskih \u0161kola) te djecu i mladih o problemima osoba s invaliditetom.<\/p>\n<p>Projekt promovira prioritete Programa uklju\u010divost i razli\u010ditost jer odgovara na neka od temeljnih ljudskih prava osoba s invaliditetom. Osobe s invaliditetom su jedna od najugro\u017eenijih skupina u dru\u0161tvu. Na ovom projektu smo se usredoto\u010dili na \u010detiri skupine:<\/p>\n<p>a. slijepe osobe<\/p>\n<p>b. gluhe osobe<\/p>\n<p>c. nijeme osobe<\/p>\n<p>d. osobe s pote\u0161ko\u0107ama u kretanju.<\/p>\n<p>Preko ljeta uz ostale aktivnosti organiziramo i medijsku kampanju u svrhu informiranja mladih o izazovima i iskustvima osoba s invaliditetom.<\/p>\n<p>Projekt je u potpunosti financiran sredstvima Europske unije iz programa Europskih snaga solidarnosti<\/p>\n<p>&nbsp;<\/p>\n<p>&nbsp;<\/p>\n<p>&nbsp;<\/p>\n<p><span style=\"font-family: Gurajada; font-weight: normal; font-size: x-large;\"><\/span><\/p>[\/et_pb_text][et_pb_gallery gallery_ids=&#8221;1670,1717,1718,1719,1720,1721,1722,1723,1690&#8243; show_title_and_caption=&#8221;off&#8221; _builder_version=&#8221;4.27.4&#8243; hover_enabled=&#8221;0&#8243; global_colors_info=&#8221;{}&#8221; sticky_enabled=&#8221;0&#8243;][\/et_pb_gallery][et_pb_video src=&#8221;https:\/\/youtu.be\/7VlgYkDwhlo&#8221; _builder_version=&#8221;4.27.4&#8243; hover_enabled=&#8221;0&#8243; global_colors_info=&#8221;{}&#8221; sticky_enabled=&#8221;0&#8243;][\/et_pb_video][et_pb_video src=&#8221;https:\/\/youtu.be\/VSdj_qpKiis&#8221; _builder_version=&#8221;4.27.4&#8243; hover_enabled=&#8221;0&#8243; global_colors_info=&#8221;{}&#8221; sticky_enabled=&#8221;0&#8243;][\/et_pb_video][et_pb_video src=&#8221;https:\/\/youtu.be\/1IcGG0yBCsc&#8221; _builder_version=&#8221;4.27.4&#8243; hover_enabled=&#8221;0&#8243; global_colors_info=&#8221;{}&#8221; sticky_enabled=&#8221;0&#8243;][\/et_pb_video][\/et_pb_column][\/et_pb_row][\/et_pb_section][et_pb_section fb_built=&#8221;1&#8243; _builder_version=&#8221;4.16&#8243; custom_margin=&#8221;-117px||-159px|||&#8221; global_colors_info=&#8221;{}&#8221;][\/et_pb_section][et_pb_section fb_built=&#8221;1&#8243; admin_label=&#8221;Gallery&#8221; _builder_version=&#8221;4.16&#8243; min_height=&#8221;755px&#8221; custom_padding=&#8221;0px||100px|||&#8221; global_colors_info=&#8221;{}&#8221;][\/et_pb_section]\n","protected":false},"excerpt":{"rendered":"<p>Svi zaslu\u017euju dostojanstven \u017eivotUdruga Platypus u suradnji sa \u0160kolom za medicinske sestre Vinogradska provela je projekt Europskih snaga solidarnosti naziva \u201cSvi zaslu\u017euju dostojanstven \u017eivot\u201d. Projekt je uskla\u0111en s op\u0107im i posebnim ciljem programa a to je podupiranje uklju\u010divanja mladih u rje\u0161avanje problema u zajednici. Ovaj projekt su osmislili mladi sudionici jer su nezadovoljni stanjem u [&hellip;]<\/p>\n","protected":false},"author":2,"featured_media":0,"parent":0,"menu_order":0,"comment_status":"closed","ping_status":"closed","template":"","meta":{"_et_pb_use_builder":"on","_et_pb_old_content":"","_et_gb_content_width":"","_monsterinsights_skip_tracking":false,"_monsterinsights_sitenote_active":false,"_monsterinsights_sitenote_note":"","_monsterinsights_sitenote_category":0,"footnotes":""},"class_list":["post-1667","page","type-page","status-publish","hentry"],"jetpack_sharing_enabled":true,"_links":{"self":[{"href":"https:\/\/platypus.hr\/index.php\/wp-json\/wp\/v2\/pages\/1667","targetHints":{"allow":["GET"]}}],"collection":[{"href":"https:\/\/platypus.hr\/index.php\/wp-json\/wp\/v2\/pages"}],"about":[{"href":"https:\/\/platypus.hr\/index.php\/wp-json\/wp\/v2\/types\/page"}],"author":[{"embeddable":true,"href":"https:\/\/platypus.hr\/index.php\/wp-json\/wp\/v2\/users\/2"}],"replies":[{"embeddable":true,"href":"https:\/\/platypus.hr\/index.php\/wp-json\/wp\/v2\/comments?post=1667"}],"version-history":[{"count":7,"href":"https:\/\/platypus.hr\/index.php\/wp-json\/wp\/v2\/pages\/1667\/revisions"}],"predecessor-version":[{"id":1728,"href":"https:\/\/platypus.hr\/index.php\/wp-json\/wp\/v2\/pages\/1667\/revisions\/1728"}],"wp:attachment":[{"href":"https:\/\/platypus.hr\/index.php\/wp-json\/wp\/v2\/media?parent=1667"}],"curies":[{"name":"wp","href":"https:\/\/api.w.org\/{rel}","templated":true}]}}