{"id":1572,"date":"2024-03-28T21:41:25","date_gmt":"2024-03-28T21:41:25","guid":{"rendered":"http:\/\/platypus.hr\/?page_id=1572"},"modified":"2024-03-28T21:54:09","modified_gmt":"2024-03-28T21:54:09","slug":"1572-2","status":"publish","type":"page","link":"https:\/\/platypus.hr\/index.php\/1572-2\/","title":{"rendered":""},"content":{"rendered":"<p>[et_pb_section fb_built=&#8221;1&#8243; fullwidth=&#8221;on&#8221; _builder_version=&#8221;4.0.6&#8243; background_color=&#8221;#edf000&#8243; background_image=&#8221;https:\/\/platypus.hr\/wp-content\/uploads\/2019\/12\/shade.png&#8221;][et_pb_fullwidth_menu menu_id=&#8221;13&#8243; active_link_color=&#8221;#ffffff&#8221; logo=&#8221;https:\/\/platypus.hr\/wp-content\/uploads\/2020\/01\/logach-6.png&#8221; cart_icon_color=&#8221;#ffffff&#8221; _builder_version=&#8221;4.0.6&#8243; menu_font=&#8221;Baloo Da||||||||&#8221; menu_text_color=&#8221;#ffffff&#8221; menu_font_size=&#8221;15px&#8221; background_image=&#8221;https:\/\/platypus.hr\/wp-content\/uploads\/2019\/12\/shade.png&#8221; custom_css_main_element=&#8221;position: fixed;||top: 1px;||right: 0;||left: 0;||z-index: 99;&#8221; menu_text_shadow_style=&#8221;preset5&#8243; menu_text_shadow_color=&#8221;#000000&#8243;][\/et_pb_fullwidth_menu][\/et_pb_section][et_pb_section fb_built=&#8221;1&#8243; custom_padding_last_edited=&#8221;off|desktop&#8221; admin_label=&#8221;Hero&#8221; _builder_version=&#8221;4.0.6&#8243; background_color=&#8221;#e09900&#8243; use_background_color_gradient=&#8221;on&#8221; background_color_gradient_start=&#8221;#ffffff&#8221; background_color_gradient_end=&#8221;#e7edf9&#8243; custom_margin=&#8221;|||&#8221; custom_padding=&#8221;100px||100px|&#8221; custom_padding_tablet=&#8221;130px||130px|&#8221;][et_pb_row _builder_version=&#8221;3.25&#8243; background_size=&#8221;initial&#8221; background_position=&#8221;top_left&#8221; background_repeat=&#8221;repeat&#8221; custom_margin=&#8221;|||&#8221;][et_pb_column type=&#8221;4_4&#8243; _builder_version=&#8221;3.25&#8243; custom_padding=&#8221;|||&#8221; custom_padding__hover=&#8221;|||&#8221;][et_pb_text _builder_version=&#8221;3.27.4&#8243; text_font=&#8221;||||||||&#8221; header_font=&#8221;Merriweather|700|||||||&#8221; header_font_size=&#8221;46px&#8221; header_line_height=&#8221;1.3em&#8221; text_orientation=&#8221;center&#8221; max_width=&#8221;700px&#8221; module_alignment=&#8221;center&#8221; custom_margin=&#8221;||0px|&#8221; animation_style=&#8221;flip&#8221; animation_direction=&#8221;top&#8221; inline_fonts=&#8221;Baloo Da&#8221;]<\/p>\n<h1><span style=\"font-family: Baloo Da;\"><strong>ESS Trudno\u0107a: Izazovi 21. stolje\u0107a<\/strong><\/span><\/h1>\n<p>[\/et_pb_text][et_pb_divider color=&#8221;#4646c4&#8243; divider_position=&#8221;center&#8221; divider_weight=&#8221;2px&#8221; _builder_version=&#8221;3.2&#8243; max_width=&#8221;90px&#8221; max_width_tablet=&#8221;12%&#8221; max_width_last_edited=&#8221;off|desktop&#8221; module_alignment=&#8221;center&#8221; custom_margin=&#8221;|||&#8221; animation_style=&#8221;flip&#8221; animation_delay=&#8221;50ms&#8221;][\/et_pb_divider][et_pb_text _builder_version=&#8221;4.0.6&#8243; text_font=&#8221;||||||||&#8221; text_font_size=&#8221;20px&#8221; text_line_height=&#8221;1.8em&#8221; text_orientation=&#8221;center&#8221; max_width=&#8221;700px&#8221; module_alignment=&#8221;center&#8221; custom_margin=&#8221;25px|||&#8221; animation_style=&#8221;flip&#8221; animation_direction=&#8221;top&#8221; animation_delay=&#8221;100ms&#8221; inline_fonts=&#8221;Gurajada&#8221;]<\/p>\n<h1><\/h1>\n<p><span>U suradnji sa Srednjom \u0161kolom za medicinske sestre Vinogradska zajedno provodimo ESS projek naziva \u201cIzazovi 21. Stolje\u0107a: trudno\u0107a\u201d kojemu je cilj kvalitetnija javna rasprava o trudno\u0107i, pobolj\u0161anje zakonodavnog okvira te pobolj\u0161anje polo\u017eaja osoba s invaliditetom.<\/span><\/p>\n<p><span>Dva doga\u0111aja su inspirirala u\u010denice \u0160kole za medicinske sestre Vinogradska da osmisle i provedu ovaj projekt:<\/span><\/p>\n<p><span>1. slu\u010daj Mirele \u010cavajde &#8211; Mirela \u010cavajda je bila trudnica kojoj nije dozvoljen prekid trudno\u0107e iako je trudno\u0107a predstavljala opasnost za njezino zdravlje te njezino dijete nije imalo izglede da pre\u017eivi van maternice zbog raka koji se razvio na njezinom nero\u0111enom djetetu. Na kraju je Mirela bila prisiljena izvr\u0161iti poba\u010daj u Sloveniji. Ovaj slu\u010daj je jako razljutio veliki dio hrvatske javnosti, uklju\u010duju\u0107i i u\u010denike \u0160kole jer pokazuje zakonske nedostatke i probleme u praksi u hrvatskom zdravstvu.<\/span><\/p>\n<p><span>2. projekt solidarnosti Ujedinjeni u razli\u010ditosti &#8211; u\u010denici \u0160kole su upoznati s mogu\u0107nostima koje nudi ESS mladima kroz sudjelovanje u projektu Ujedinjeni u razli\u010ditosti. Zbog toga je dio u\u010denika izrazio \u017eelju da pokrene sli\u010dan projekt, samo na temu trudno\u0107e.<\/span><\/p>\n<p><span>Kroz nadolaze\u0107i period, u\u010denice su osmislile online kampanju koja \u0107e uskoro biti plasirana na dru\u0161tvenim mre\u017eama,a kojoj je cilj informiranje mladih o razli\u010ditim izazovima trudno\u0107e, seksualnog i reproduktivnog zdravlja te o na\u010dinima pobolj\u0161anja me\u0111usobnog dijaloga navedenih tema<\/span><\/p>\n<p>&nbsp;<\/p>\n<p><span style=\"font-family: Gurajada; font-weight: normal; font-size: x-large;\"><\/span><\/p>\n<p>[\/et_pb_text][\/et_pb_column][\/et_pb_row][\/et_pb_section][et_pb_section fb_built=&#8221;1&#8243; _builder_version=&#8221;4.0.6&#8243; custom_margin=&#8221;-117px||-159px|||&#8221;][\/et_pb_section][et_pb_section fb_built=&#8221;1&#8243; admin_label=&#8221;Gallery&#8221; _builder_version=&#8221;3.22&#8243; min_height=&#8221;755px&#8221; custom_padding=&#8221;0px||100px|||&#8221;][et_pb_row _builder_version=&#8221;4.0.6&#8243;][et_pb_column type=&#8221;4_4&#8243; _builder_version=&#8221;4.0.6&#8243;][et_pb_gallery gallery_ids=&#8221;1571,1574,1580,1579,1578,1577,1575&#8243; _builder_version=&#8221;4.0.6&#8243; hover_enabled=&#8221;0&#8243; show_title_and_caption=&#8221;off&#8221;][\/et_pb_gallery][\/et_pb_column][\/et_pb_row][\/et_pb_section]<\/p>\n","protected":false},"excerpt":{"rendered":"<p>ESS Trudno\u0107a: Izazovi 21. stolje\u0107a U suradnji sa Srednjom \u0161kolom za medicinske sestre Vinogradska zajedno provodimo ESS projek naziva \u201cIzazovi 21. Stolje\u0107a: trudno\u0107a\u201d kojemu je cilj kvalitetnija javna rasprava o trudno\u0107i, pobolj\u0161anje zakonodavnog okvira te pobolj\u0161anje polo\u017eaja osoba s invaliditetom.Dva doga\u0111aja su inspirirala u\u010denice \u0160kole za medicinske sestre Vinogradska da osmisle i provedu ovaj projekt:1. [&hellip;]<\/p>\n","protected":false},"author":2,"featured_media":0,"parent":0,"menu_order":0,"comment_status":"closed","ping_status":"closed","template":"","meta":{"_et_pb_use_builder":"on","_et_pb_old_content":"","_et_gb_content_width":"","_monsterinsights_skip_tracking":false,"_monsterinsights_sitenote_active":false,"_monsterinsights_sitenote_note":"","_monsterinsights_sitenote_category":0,"footnotes":""},"class_list":["post-1572","page","type-page","status-publish","hentry"],"jetpack_sharing_enabled":true,"_links":{"self":[{"href":"https:\/\/platypus.hr\/index.php\/wp-json\/wp\/v2\/pages\/1572","targetHints":{"allow":["GET"]}}],"collection":[{"href":"https:\/\/platypus.hr\/index.php\/wp-json\/wp\/v2\/pages"}],"about":[{"href":"https:\/\/platypus.hr\/index.php\/wp-json\/wp\/v2\/types\/page"}],"author":[{"embeddable":true,"href":"https:\/\/platypus.hr\/index.php\/wp-json\/wp\/v2\/users\/2"}],"replies":[{"embeddable":true,"href":"https:\/\/platypus.hr\/index.php\/wp-json\/wp\/v2\/comments?post=1572"}],"version-history":[{"count":3,"href":"https:\/\/platypus.hr\/index.php\/wp-json\/wp\/v2\/pages\/1572\/revisions"}],"predecessor-version":[{"id":1582,"href":"https:\/\/platypus.hr\/index.php\/wp-json\/wp\/v2\/pages\/1572\/revisions\/1582"}],"wp:attachment":[{"href":"https:\/\/platypus.hr\/index.php\/wp-json\/wp\/v2\/media?parent=1572"}],"curies":[{"name":"wp","href":"https:\/\/api.w.org\/{rel}","templated":true}]}}